{"id":244091,"date":"2022-08-18T14:54:22","date_gmt":"2022-08-18T14:54:22","guid":{"rendered":"https:\/\/hausboot-booking.de\/evenements\/"},"modified":"2024-09-11T08:03:05","modified_gmt":"2024-09-11T08:03:05","slug":"evenements","status":"publish","type":"page","link":"https:\/\/joylife.boats\/fr\/evenements\/","title":{"rendered":"R\u00e9server un \u00e9v\u00e9nement"},"content":{"rendered":"<p>[et_pb_section fb_built=\u00a0\u00bb1&Prime; _builder_version=\u00a0\u00bb4.16&Prime; width=\u00a0\u00bb100%\u00a0\u00bb max_width=\u00a0\u00bb80%\u00a0\u00bb max_width_tablet=\u00a0\u00bb100%\u00a0\u00bb max_width_phone=\u00a0\u00bb100%\u00a0\u00bb max_width_last_edited=\u00a0\u00bbon|phone\u00a0\u00bb module_alignment=\u00a0\u00bbcenter\u00a0\u00bb custom_padding=\u00a0\u00bb0px||||false|false\u00a0\u00bb collapsed=\u00a0\u00bboff\u00a0\u00bb global_colors_info=\u00a0\u00bb{}\u00a0\u00bb][et_pb_row _builder_version=\u00a0\u00bb4.16&Prime; _module_preset=\u00a0\u00bbdefault\u00a0\u00bb global_colors_info=\u00a0\u00bb{}\u00a0\u00bb][et_pb_column type=\u00a0\u00bb4_4&Prime; _builder_version=\u00a0\u00bb4.16&Prime; _module_preset=\u00a0\u00bbdefault\u00a0\u00bb global_colors_info=\u00a0\u00bb{}\u00a0\u00bb][et_pb_divider show_divider=\u00a0\u00bboff\u00a0\u00bb _builder_version=\u00a0\u00bb4.17.4&Prime; _module_preset=\u00a0\u00bbdefault\u00a0\u00bb global_colors_info=\u00a0\u00bb{}\u00a0\u00bb][\/et_pb_divider][\/et_pb_column][\/et_pb_row][et_pb_row _builder_version=\u00a0\u00bb4.17.6&Prime; _module_preset=\u00a0\u00bbdefault\u00a0\u00bb module_alignment=\u00a0\u00bbcenter\u00a0\u00bb global_colors_info=\u00a0\u00bb{}\u00a0\u00bb][et_pb_column type=\u00a0\u00bb4_4&Prime; _builder_version=\u00a0\u00bb4.17.4&Prime; _module_preset=\u00a0\u00bbdefault\u00a0\u00bb global_colors_info=\u00a0\u00bb{}\u00a0\u00bb][et_pb_text _builder_version=\u00a0\u00bb4.18.0&Prime; text_font=\u00a0\u00bb||||||||\u00a0\u00bb text_line_height=\u00a0\u00bb2em\u00a0\u00bb header_font=\u00a0\u00bb||||||||\u00a0\u00bb header_2_font=\u00a0\u00bbPoppins|600|||||||\u00a0\u00bb header_2_text_align=\u00a0\u00bbleft\u00a0\u00bb header_2_font_size=\u00a0\u00bb50px\u00a0\u00bb header_2_line_height=\u00a0\u00bb1.4em\u00a0\u00bb header_6_font=\u00a0\u00bbPoppins|||on|||||\u00a0\u00bb header_6_font_size=\u00a0\u00bb16px\u00a0\u00bb header_6_letter_spacing=\u00a0\u00bb5px\u00a0\u00bb header_6_line_height=\u00a0\u00bb1.8em\u00a0\u00bb text_orientation=\u00a0\u00bbcenter\u00a0\u00bb module_alignment=\u00a0\u00bbleft\u00a0\u00bb custom_margin=\u00a0\u00bb||40px|||\u00a0\u00bb header_2_font_size_tablet=\u00a0\u00bb35px\u00a0\u00bb header_2_font_size_phone=\u00a0\u00bb25px\u00a0\u00bb header_2_font_size_last_edited=\u00a0\u00bbon|desktop\u00a0\u00bb global_colors_info=\u00a0\u00bb{}\u00a0\u00bb]<\/p>\n<h2 style=\"text-align: center;\">Louer pour des occasions sp\u00e9ciales<\/h2>\n<p>[\/et_pb_text][\/et_pb_column][\/et_pb_row][et_pb_row _builder_version=\u00a0\u00bb4.17.6&Prime; _module_preset=\u00a0\u00bbdefault\u00a0\u00bb global_colors_info=\u00a0\u00bb{}\u00a0\u00bb][et_pb_column type=\u00a0\u00bb4_4&Prime; _builder_version=\u00a0\u00bb4.17.4&Prime; _module_preset=\u00a0\u00bbdefault\u00a0\u00bb global_colors_info=\u00a0\u00bb{}\u00a0\u00bb][et_pb_gallery gallery_ids=\u00a0\u00bb243187,243201,243059,243189,243188,243199,243202,249661&Prime; fullwidth=\u00a0\u00bbon\u00a0\u00bb _builder_version=\u00a0\u00bb4.22.2&Prime; _module_preset=\u00a0\u00bbdefault\u00a0\u00bb width=\u00a0\u00bb100%\u00a0\u00bb max_width=\u00a0\u00bb100%\u00a0\u00bb min_height=\u00a0\u00bb100%\u00a0\u00bb height=\u00a0\u00bb100%\u00a0\u00bb max_height=\u00a0\u00bb100%\u00a0\u00bb global_colors_info=\u00a0\u00bb{}\u00a0\u00bb][\/et_pb_gallery][et_pb_text _builder_version=\u00a0\u00bb4.24.2&Prime; _module_preset=\u00a0\u00bbdefault\u00a0\u00bb background_color=\u00a0\u00bb#FFFFFF\u00a0\u00bb global_colors_info=\u00a0\u00bb{}\u00a0\u00bb]<\/p>\n<p><strong>F\u00eater de mani\u00e8re exceptionnelle en famille ou entre amis<\/strong><\/p>\n<p>Les possibilit\u00e9s d&rsquo;organiser un mariage avec un Joylife Boats sont aussi color\u00e9es que l&rsquo;amour. De la s\u00e9ance photo avec les jeunes mari\u00e9s dans un cadre unique, \u00e0 la c\u00e9r\u00e9monie de mariage libre sur le pont, en passant par une f\u00eate de famille, un enterrement de vie de jeune fille ou de gar\u00e7on, un cadeau surprise avec une croisi\u00e8re d\u00e9couverte ou un \u00ab\u00a0Tiny Wedding\u00a0\u00bb (que l&rsquo;on peut traduire par petit mariage), tout est possible.<\/p>\n<p>De m\u00eame, une f\u00eate d&rsquo;anniversaire peut \u00eatre tout sauf ennuyeuse ! Avec une f\u00eate sur le Joylife Boats, un anniversaire devient une l\u00e9gende. Glisser silencieusement sur l&rsquo;eau, ressentir la sensation apaisante de l&rsquo;eau, \u00eatre au plus pr\u00e8s de la nature et d\u00eener aux chandelles : autant de moments inoubliables et bien d&rsquo;autres choses encore qui vous attendent \u00e0 bord d&rsquo;une confortable p\u00e9niche sur la Sarre et la Moselle.<\/p>\n<p>[\/et_pb_text][et_pb_text _builder_version=\u00a0\u00bb4.26.0&Prime; _module_preset=\u00a0\u00bbdefault\u00a0\u00bb text_text_color=\u00a0\u00bb#000000&Prime; text_font_size=\u00a0\u00bb19px\u00a0\u00bb background_color=\u00a0\u00bb#E09900&Prime; min_height=\u00a0\u00bb166.2px\u00a0\u00bb border_radii=\u00a0\u00bbon|4px|4px|4px|4px\u00a0\u00bb border_width_all=\u00a0\u00bb5px\u00a0\u00bb border_color_all=\u00a0\u00bb#E09900&Prime; global_colors_info=\u00a0\u00bb{}\u00a0\u00bb]<\/p>\n<p><strong><\/strong><\/p>\n<p><strong>Composez votre \u00e9v\u00e9nement priv\u00e9 selon vos souhaits<\/strong><\/p>\n<p><strong><\/strong>Sur la base des \u00e9l\u00e9ments ci-dessous et de vos besoins, nous vous soumettrons volontiers une offre personnalis\u00e9e.<br \/>\nCar votre \u00e9v\u00e9nement doit \u00eatre une exp\u00e9rience inoubliable. <\/p>\n<p>&nbsp;<\/p>\n<p><span>\u2666 1\/2 journ\u00e9e (4 heures) ou 1 journ\u00e9e (8 heures) ou sur rendez-vous<\/span><\/p>\n<p><span>\u2666 Soit en position couch\u00e9e dans les marinas de Mettlach, de la Boucle de la Sarre ou de Merzig sur la Sarre<\/span><\/p>\n<p><span>\u2666 Ou avec un skipper exp\u00e9riment\u00e9 au d\u00e9part des marinas de Mettlach, de la boucle de la Sarre ou de Merzig sur la Sarre<\/span><\/p>\n<p><span>\u2666 Ou d\u00e9part\/arriv\u00e9e du port\/lieu d&rsquo;amarrage de votre choix sur la Sarre ou la Moselle contre un suppl\u00e9ment de prix<\/span><\/p>\n<p><span>\u2666 Si vous le souhaitez, avec service de restauration et\/ou offre lifestyle \u00e0 bord<\/span><\/p>\n<p><span><span><span>\u2666 Par p\u00e9niche avec 54 m\u00b2 de surface totale<\/span><\/span><\/span><\/p>\n<p> <span><span><span> \u2666 Couch\u00e9 jusqu&rsquo;\u00e0 20 personnes maximum sur les ponts int\u00e9rieur et ext\u00e9rieur.<\/span><\/span><\/span><span>endeck<\/span><\/p>\n<p><span>\u2666 Navigation jusqu&rsquo;\u00e0 12 personnes maximum avec skipper<\/span><\/p>\n<p><strong><\/strong><\/p>\n<p><b>En fonction de vos besoins pour l&rsquo;\u00e9v\u00e9nement que vous souhaitez organiser (en position couch\u00e9e ou en navigation avec skipper), nous vous soumettrons une offre personnalis\u00e9e.<br \/>\nN&rsquo;h\u00e9sitez pas \u00e0 nous contacter. <\/b><\/p>\n<p><span><\/span><\/p>\n<p>[\/et_pb_text][\/et_pb_column][\/et_pb_row][et_pb_row _builder_version=\u00a0\u00bb4.17.6&Prime; _module_preset=\u00a0\u00bbdefault\u00a0\u00bb global_colors_info=\u00a0\u00bb{}\u00a0\u00bb][et_pb_column type=\u00a0\u00bb4_4&Prime; _builder_version=\u00a0\u00bb4.17.6&Prime; _module_preset=\u00a0\u00bbdefault\u00a0\u00bb global_colors_info=\u00a0\u00bb{}\u00a0\u00bb][et_pb_accordion icon_color=\u00a0\u00bb#e09900&Prime; _builder_version=\u00a0\u00bb4.24.2&Prime; _module_preset=\u00a0\u00bbdefault\u00a0\u00bb background_color=\u00a0\u00bbRGBA(255,255,255,0)\u00a0\u00bb border_width_all=\u00a0\u00bb3px\u00a0\u00bb border_color_all=\u00a0\u00bb#e09900&Prime; global_colors_info=\u00a0\u00bb{}\u00a0\u00bb][et_pb_accordion_item title=\u00a0\u00bbVotre service de conciergerie\u00a0\u00bb open=\u00a0\u00bbon\u00a0\u00bb _builder_version=\u00a0\u00bb4.24.2&Prime; _module_preset=\u00a0\u00bbdefault\u00a0\u00bb global_colors_info=\u00a0\u00bb{}\u00a0\u00bb]<\/p>\n<p><strong>Pour une exp\u00e9rience inoubliable&#8230;<\/strong><\/p>\n<p>Nous vous proposons sur demande un service de conciergerie, en fran\u00e7ais \u00ab\u00a0service \u00e9v\u00e9nementiel\u00a0\u00bb. Celui-ci comprend les \u00e9l\u00e9ments suivants :<\/p>\n<ul>\n<li>Mise en place et garantie d&rsquo;un service de restauration sur place selon vos souhaits et votre budget.<\/li>\n<li>Mise en place d&rsquo;un programme d&rsquo;accompagnement adapt\u00e9 \u00e0 votre \u00e9v\u00e9nement (par exemple, l&rsquo;offre Joylife Boat Lifestyle).<\/li>\n<li>Assurer l&rsquo;infrastructure de votre \u00e9v\u00e9nement<\/li>\n<\/ul>\n<p>Faites-nous part de vos souhaits et nous vous soumettrons volontiers une offre correspondante.<\/p>\n<p>[\/et_pb_accordion_item][\/et_pb_accordion][dsm_image_carousel gallery_ids=\u00a0\u00bb250650,250654,250674,250670,250688,250680,250697,250701,250662,251253,251261&Prime; _builder_version=\u00a0\u00bb4.24.2&Prime; _module_preset=\u00a0\u00bbdefault\u00a0\u00bb global_colors_info=\u00a0\u00bb{}\u00a0\u00bb][\/dsm_image_carousel][dsm_pricelist _builder_version=\u00a0\u00bb4.19.2&Prime; _module_preset=\u00a0\u00bbdefault\u00a0\u00bb background_color=\u00a0\u00bbRGBA(255,255,255,0)\u00a0\u00bb global_colors_info=\u00a0\u00bb{}\u00a0\u00bb][\/dsm_pricelist][dsm_pricelist _builder_version=\u00a0\u00bb4.19.2&Prime; _module_preset=\u00a0\u00bbdefault\u00a0\u00bb background_color=\u00a0\u00bb#E09900&Prime; global_colors_info=\u00a0\u00bb{}\u00a0\u00bb][\/dsm_pricelist][et_pb_button button_url=\u00a0\u00bbhttps:\/\/joylife.boats\/wp-content\/uploads\/2023\/10\/Flyer-Joylife.Boats-Juli-2023.pdf\u00a0\u00bb url_new_window=\u00a0\u00bbon\u00a0\u00bb button_text=\u00a0\u00bbFlyer \u00e0 t\u00e9l\u00e9charger\u00a0\u00bb _builder_version=\u00a0\u00bb4.22.2&Prime; _module_preset=\u00a0\u00bbdefault\u00a0\u00bb custom_button=\u00a0\u00bbon\u00a0\u00bb button_text_color=\u00a0\u00bb#FFFFFF\u00a0\u00bb button_bg_color=\u00a0\u00bb#000000&Prime; button_border_color=\u00a0\u00bb#E09900&Prime; button_icon_color=\u00a0\u00bb#FFFFFF\u00a0\u00bb background_layout=\u00a0\u00bbdark\u00a0\u00bb global_colors_info=\u00a0\u00bb{}\u00a0\u00bb][\/et_pb_button][dsm_pricelist _builder_version=\u00a0\u00bb4.19.2&Prime; _module_preset=\u00a0\u00bbdefault\u00a0\u00bb background_color=\u00a0\u00bbRGBA(255,255,255,0)\u00a0\u00bb global_colors_info=\u00a0\u00bb{}\u00a0\u00bb][\/dsm_pricelist][\/et_pb_column][\/et_pb_row][\/et_pb_section][et_pb_section fb_built=\u00a0\u00bb1&Prime; _builder_version=\u00a0\u00bb4.16&Prime; width=\u00a0\u00bb100%\u00a0\u00bb max_width=\u00a0\u00bb80%\u00a0\u00bb max_width_tablet=\u00a0\u00bb100%\u00a0\u00bb max_width_phone=\u00a0\u00bb100%\u00a0\u00bb max_width_last_edited=\u00a0\u00bbon|phone\u00a0\u00bb module_alignment=\u00a0\u00bbcenter\u00a0\u00bb custom_padding=\u00a0\u00bb0px||||false|false\u00a0\u00bb collapsed=\u00a0\u00bboff\u00a0\u00bb global_colors_info=\u00a0\u00bb{}\u00a0\u00bb][et_pb_row _builder_version=\u00a0\u00bb4.17.4&Prime; _module_preset=\u00a0\u00bbdefault\u00a0\u00bb width=\u00a0\u00bb100%\u00a0\u00bb max_width=\u00a0\u00bb100%\u00a0\u00bb max_width_tablet=\u00a0\u00bb95%\u00a0\u00bb max_width_phone=\u00a0\u00bb95%\u00a0\u00bb max_width_last_edited=\u00a0\u00bbon|tablet\u00a0\u00bb global_colors_info=\u00a0\u00bb{}\u00a0\u00bb][et_pb_column type=\u00a0\u00bb4_4&Prime; _builder_version=\u00a0\u00bb4.17.4&Prime; _module_preset=\u00a0\u00bbdefault\u00a0\u00bb global_colors_info=\u00a0\u00bb{}\u00a0\u00bb][wpforms_selector form_id=\u00a0\u00bb243213&Prime; show_title=\u00a0\u00bbon\u00a0\u00bb show_desc=\u00a0\u00bboff\u00a0\u00bb _builder_version=\u00a0\u00bb4.24.2&Prime; _module_preset=\u00a0\u00bbdefault\u00a0\u00bb width=\u00a0\u00bb100%\u00a0\u00bb max_width=\u00a0\u00bb100%\u00a0\u00bb global_colors_info=\u00a0\u00bb{}\u00a0\u00bb][\/wpforms_selector][\/et_pb_column][\/et_pb_row][\/et_pb_section][et_pb_section fb_built=\u00a0\u00bb1&Prime; _builder_version=\u00a0\u00bb4.17.4&Prime; _module_preset=\u00a0\u00bbdefault\u00a0\u00bb global_colors_info=\u00a0\u00bb{}\u00a0\u00bb][et_pb_row _builder_version=\u00a0\u00bb4.17.4&Prime; _module_preset=\u00a0\u00bbdefault\u00a0\u00bb width=\u00a0\u00bb100%\u00a0\u00bb max_width=\u00a0\u00bb80%\u00a0\u00bb max_width_tablet=\u00a0\u00bb95%\u00a0\u00bb max_width_phone=\u00a0\u00bb95%\u00a0\u00bb max_width_last_edited=\u00a0\u00bbon|phone\u00a0\u00bb global_colors_info=\u00a0\u00bb{}\u00a0\u00bb][et_pb_column type=\u00a0\u00bb4_4&Prime; _builder_version=\u00a0\u00bb4.16&Prime; _module_preset=\u00a0\u00bbdefault\u00a0\u00bb global_colors_info=\u00a0\u00bb{}\u00a0\u00bb][et_pb_text _builder_version=\u00a0\u00bb4.16&Prime; text_font=\u00a0\u00bb||||||||\u00a0\u00bb text_line_height=\u00a0\u00bb2em\u00a0\u00bb header_font=\u00a0\u00bb||||||||\u00a0\u00bb header_2_font=\u00a0\u00bbPoppins|600|||||||\u00a0\u00bb header_2_text_align=\u00a0\u00bbleft\u00a0\u00bb header_2_font_size=\u00a0\u00bb50px\u00a0\u00bb header_2_line_height=\u00a0\u00bb1.4em\u00a0\u00bb header_6_font=\u00a0\u00bbPoppins|||on|||||\u00a0\u00bb header_6_font_size=\u00a0\u00bb16px\u00a0\u00bb header_6_letter_spacing=\u00a0\u00bb5px\u00a0\u00bb header_6_line_height=\u00a0\u00bb1.8em\u00a0\u00bb module_alignment=\u00a0\u00bbleft\u00a0\u00bb custom_margin=\u00a0\u00bb||40px|||\u00a0\u00bb header_2_font_size_tablet=\u00a0\u00bb35px\u00a0\u00bb header_2_font_size_phone=\u00a0\u00bb25px\u00a0\u00bb header_2_font_size_last_edited=\u00a0\u00bbon|desktop\u00a0\u00bb global_colors_info=\u00a0\u00bb{}\u00a0\u00bb]<\/p>\n<h2>Informations sur la r\u00e9servation<\/h2>\n<p>[\/et_pb_text][et_pb_toggle title=\u00a0\u00bbConditions de paiement\u00a0\u00bb open_toggle_text_color=\u00a0\u00bb#000000&Prime; closed_toggle_background_color=\u00a0\u00bb#f5f5f5&Prime; icon_color=\u00a0\u00bb#000000&Prime; open_icon_color=\u00a0\u00bb#000000&Prime; _builder_version=\u00a0\u00bb4.20.4&Prime; title_text_color=\u00a0\u00bb#000000&Prime; title_font=\u00a0\u00bbPoppins|700|||||||\u00a0\u00bb title_line_height=\u00a0\u00bb1.4em\u00a0\u00bb body_font=\u00a0\u00bbPoppins||||||||\u00a0\u00bb body_line_height=\u00a0\u00bb2em\u00a0\u00bb body_link_font=\u00a0\u00bb||||on||||\u00a0\u00bb body_link_text_color=\u00a0\u00bb#e09900&Prime; border_width_all=\u00a0\u00bb2px\u00a0\u00bb border_color_all=\u00a0\u00bb#f5f5f5&Prime; global_colors_info=\u00a0\u00bb{}\u00a0\u00bb transform_styles__hover_enabled=\u00a0\u00bbon|hover\u00a0\u00bb transform_scale__hover_enabled=\u00a0\u00bbon|hover\u00a0\u00bb transform_translate__hover_enabled=\u00a0\u00bbon|desktop\u00a0\u00bb transform_rotate__hover_enabled=\u00a0\u00bbon|desktop\u00a0\u00bb transform_skew__hover_enabled=\u00a0\u00bbon|desktop\u00a0\u00bb transform_origin__hover_enabled=\u00a0\u00bbon|desktop\u00a0\u00bb]<\/p>\n<ul>\n<li>Acompte pour la location de 50% dans les 10 jours suivant la confirmation de la commande<\/li>\n<li>Le solde du loyer de 50% doit \u00eatre pay\u00e9 30 jours avant le d\u00e9but de la location.<\/li>\n<li>Pour toutes les prestations de conciergerie suppl\u00e9mentaires r\u00e9serv\u00e9es, des conditions de paiement particuli\u00e8res de Joylife Boat ou des prestataires de services s&rsquo;appliquent.<\/li>\n<\/ul>\n<p>[\/et_pb_toggle][et_pb_toggle title=\u00a0\u00bbInformations g\u00e9n\u00e9rales sur le voyage\u00a0\u00bb open_toggle_text_color=\u00a0\u00bb#000000&Prime; closed_toggle_background_color=\u00a0\u00bb#f5f5f5&Prime; icon_color=\u00a0\u00bb#000000&Prime; open_icon_color=\u00a0\u00bb#000000&Prime; _builder_version=\u00a0\u00bb4.20.4&Prime; title_text_color=\u00a0\u00bb#000000&Prime; title_font=\u00a0\u00bbPoppins|700|||||||\u00a0\u00bb title_line_height=\u00a0\u00bb1.4em\u00a0\u00bb body_font=\u00a0\u00bbPoppins||||||||\u00a0\u00bb body_text_color=\u00a0\u00bb#000000&Prime; body_line_height=\u00a0\u00bb2em\u00a0\u00bb body_link_text_color=\u00a0\u00bb#e09900&Prime; border_width_all=\u00a0\u00bb2px\u00a0\u00bb border_color_all=\u00a0\u00bb#f5f5f5&Prime; global_colors_info=\u00a0\u00bb{}\u00a0\u00bb]<\/p>\n<ul>\n<li>Embarquement \u00e0 la Joylife Boats Marina, Saaruferstr. 34, pr\u00e8s du Kanuheim (entr\u00e9e au croisement B51\/Bahnhofstra\u00dfe), 66693 Mettlach &#8211; ou Marina au <span>port de plaisance, <\/span><span>66663 MerzigLieu<\/span>&#8211; sur rendez-vous<\/li>\n<li>A environ 350 m \u00e0 proximit\u00e9 de la marina de Mettlach ou directement \u00e0 la marina de Merzig, il y a suffisamment de places de parking.<\/li>\n<li>Veuillez noter qu&rsquo;il est absolument interdit de fumer \u00e0 bord, sauf sur le pont ext\u00e9rieur et le pont sup\u00e9rieur.<\/li>\n<\/ul>\n<p>[\/et_pb_toggle][et_pb_toggle title=\u00a0\u00bbInclus dans le prix de location\u00a0\u00bb open_toggle_text_color=\u00a0\u00bb#000000&Prime; closed_toggle_background_color=\u00a0\u00bb#f5f5f5&Prime; icon_color=\u00a0\u00bb#000000&Prime; open_icon_color=\u00a0\u00bb#000000&Prime; _builder_version=\u00a0\u00bb4.20.4&Prime; title_text_color=\u00a0\u00bb#000000&Prime; title_font=\u00a0\u00bbPoppins|700|||||||\u00a0\u00bb title_line_height=\u00a0\u00bb1.4em\u00a0\u00bb body_font=\u00a0\u00bbPoppins||||||||\u00a0\u00bb body_text_color=\u00a0\u00bb#000000&Prime; body_line_height=\u00a0\u00bb2em\u00a0\u00bb body_link_text_color=\u00a0\u00bb#e09900&Prime; border_width_all=\u00a0\u00bb2px\u00a0\u00bb border_color_all=\u00a0\u00bb#f5f5f5&Prime; locked=\u00a0\u00bboff\u00a0\u00bb global_colors_info=\u00a0\u00bb{}\u00a0\u00bb]<\/p>\n<ul>\n<li>Prix de location Joylife Boat<\/li>\n<li>8 tables de bistrot avec housses blanches ainsi que 2 tables de salon<\/li>\n<li>Tables\/chaises selon les besoins pour 20 personnes maximum<\/li>\n<li>Vaisselle, verres, couverts, etc. pour 6 personnes (plus \u00e0 assurer par le traiteur et contre location)<\/li>\n<li>Essuie-vaisselle, essuie-mains et chiffons de nettoyage<\/li>\n<li>Ustensiles pour le lave-vaisselle et la vaisselle \u00e0 la main<\/li>\n<li>Sacs poubelle<\/li>\n<li>10 capsules de machine \u00e0 caf\u00e9 Nespresso<\/li>\n<li>Papier toilette sp\u00e9cial associ\u00e9 \u00e0 une station d&rsquo;\u00e9puration de bord<\/li>\n<li>Barbecue avec cartouche de gaz<\/li>\n<li>Nettoyage final<\/li>\n<li>Assurance pour les dommages \u00e9ventuels subis par le Joylife Boat, tels que s\u00e9jour \u00e0 l&rsquo;amarrage, incendie, avarie, dommages \u00e0 des tiers, frais d&rsquo;enl\u00e8vement de l&rsquo;\u00e9pave, effraction, vol ou vandalisme.<\/li>\n<li><span>Parking gratuit<\/span><\/li>\n<\/ul>\n<p>[\/et_pb_toggle][et_pb_toggle title=\u00a0\u00bbNon compris dans le prix de location\u00a0\u00bb open_toggle_text_color=\u00a0\u00bb#000000&Prime; closed_toggle_background_color=\u00a0\u00bb#f5f5f5&Prime; icon_color=\u00a0\u00bb#000000&Prime; open_icon_color=\u00a0\u00bb#000000&Prime; _builder_version=\u00a0\u00bb4.20.4&Prime; title_text_color=\u00a0\u00bb#000000&Prime; title_font=\u00a0\u00bbPoppins|700|||||||\u00a0\u00bb title_line_height=\u00a0\u00bb1.4em\u00a0\u00bb body_font=\u00a0\u00bbPoppins||||||||\u00a0\u00bb body_text_color=\u00a0\u00bb#000000&Prime; body_line_height=\u00a0\u00bb2em\u00a0\u00bb body_link_text_color=\u00a0\u00bb#e09900&Prime; border_width_all=\u00a0\u00bb2px\u00a0\u00bb border_color_all=\u00a0\u00bb#f5f5f5&Prime; locked=\u00a0\u00bboff\u00a0\u00bb global_colors_info=\u00a0\u00bb{}\u00a0\u00bb]<\/p>\n<ul>\n<li>Dommages caus\u00e9s au bateau et \u00e0 l&rsquo;inventaire pendant votre \u00e9v\u00e9nement<\/li>\n<li>Consommation de diesel pendant votre \u00e9v\u00e9nement \u00e0 raison de 2,00 \u20ac par litre et par manipulation (factur\u00e9 apr\u00e8s l&rsquo;\u00e9v\u00e9nement)<\/li>\n<li>Achat d&rsquo;\u00e9lectricit\u00e9 dans les ports et les postes d&rsquo;amarrage (factur\u00e9 apr\u00e8s l&rsquo;\u00e9v\u00e9nement)<\/li>\n<li>Frais d&rsquo;amarrage dans les ports (factur\u00e9s apr\u00e8s l&rsquo;\u00e9v\u00e9nement)<\/li>\n<\/ul>\n<p>[\/et_pb_toggle][\/et_pb_column][\/et_pb_row][\/et_pb_section]<\/p>\n","protected":false},"excerpt":{"rendered":"<p>Louer pour des occasions sp\u00e9cialesF\u00eater de mani\u00e8re exceptionnelle en famille ou entre amis Les possibilit\u00e9s d&rsquo;organiser un mariage avec un Joylife Boats sont aussi color\u00e9es que l&rsquo;amour. De la s\u00e9ance photo avec les jeunes mari\u00e9s dans un cadre unique, \u00e0 la c\u00e9r\u00e9monie de mariage libre sur le pont, en passant par une f\u00eate de famille, un enterrement de vie de jeune fille ou de gar\u00e7on, un cadeau surprise avec une croisi\u00e8re d\u00e9couverte ou un \u00ab\u00a0Tiny Wedding\u00a0\u00bb (que l&rsquo;on peut traduire par petit mariage), tout est possible. De m\u00eame, une f\u00eate d&rsquo;anniversaire peut \u00eatre tout sauf ennuyeuse ! Avec une f\u00eate sur le Joylife Boats, un anniversaire devient une l\u00e9gende. Glisser silencieusement sur l&rsquo;eau, ressentir la sensation apaisante de l&rsquo;eau, \u00eatre au plus pr\u00e8s de la nature et d\u00eener aux chandelles : autant de moments inoubliables et bien d&rsquo;autres choses encore qui vous attendent \u00e0 bord d&rsquo;une confortable p\u00e9niche sur la Sarre et la Moselle. Composez votre \u00e9v\u00e9nement priv\u00e9 selon vos souhaits Sur la base des \u00e9l\u00e9ments ci-dessous et de vos besoins, nous vous soumettrons volontiers une offre personnalis\u00e9e. Car votre \u00e9v\u00e9nement doit \u00eatre une exp\u00e9rience inoubliable. &nbsp; \u2666 1\/2 journ\u00e9e (4 heures) ou 1 journ\u00e9e (8 heures) ou sur rendez-vous [&hellip;]<\/p>\n","protected":false},"author":1,"featured_media":0,"parent":0,"menu_order":0,"comment_status":"closed","ping_status":"closed","template":"","meta":{"_et_pb_use_builder":"on","_et_pb_old_content":"","_et_gb_content_width":"","footnotes":""},"class_list":["post-244091","page","type-page","status-publish","hentry"],"_links":{"self":[{"href":"https:\/\/joylife.boats\/fr\/wp-json\/wp\/v2\/pages\/244091","targetHints":{"allow":["GET"]}}],"collection":[{"href":"https:\/\/joylife.boats\/fr\/wp-json\/wp\/v2\/pages"}],"about":[{"href":"https:\/\/joylife.boats\/fr\/wp-json\/wp\/v2\/types\/page"}],"author":[{"embeddable":true,"href":"https:\/\/joylife.boats\/fr\/wp-json\/wp\/v2\/users\/1"}],"replies":[{"embeddable":true,"href":"https:\/\/joylife.boats\/fr\/wp-json\/wp\/v2\/comments?post=244091"}],"version-history":[{"count":0,"href":"https:\/\/joylife.boats\/fr\/wp-json\/wp\/v2\/pages\/244091\/revisions"}],"wp:attachment":[{"href":"https:\/\/joylife.boats\/fr\/wp-json\/wp\/v2\/media?parent=244091"}],"curies":[{"name":"wp","href":"https:\/\/api.w.org\/{rel}","templated":true}]}}