{"id":243747,"date":"2022-08-18T14:54:22","date_gmt":"2022-08-18T14:54:22","guid":{"rendered":"https:\/\/hausboot-booking.de\/eventi\/"},"modified":"2024-09-11T08:03:05","modified_gmt":"2024-09-11T08:03:05","slug":"eventi","status":"publish","type":"page","link":"https:\/\/joylife.boats\/it\/eventi\/","title":{"rendered":"Prenota l&#8217;evento"},"content":{"rendered":"<p>[et_pb_section fb_built=&#8221;1&#8243; _builder_version=&#8221;4.16&#8243; width=&#8221;100%&#8221; max_width=&#8221;80%&#8221; max_width_tablet=&#8221;100%&#8221; max_width_phone=&#8221;100%&#8221; max_width_last_edited=&#8221;on|phone&#8221; module_alignment=&#8221;center&#8221; custom_padding=&#8221;0px||||false|false&#8221; collapsed=&#8221;off&#8221; global_colors_info=&#8221;{}&#8221;][et_pb_row _builder_version=&#8221;4.16&#8243; _module_preset=&#8221;default&#8221; global_colors_info=&#8221;{}&#8221;][et_pb_column type=&#8221;4_4&#8243; _builder_version=&#8221;4.16&#8243; _module_preset=&#8221;default&#8221; global_colors_info=&#8221;{}&#8221;][et_pb_divider show_divider=&#8221;off&#8221; _builder_version=&#8221;4.17.4&#8243; _module_preset=&#8221;default&#8221; global_colors_info=&#8221;{}&#8221;][\/et_pb_divider][\/et_pb_column][\/et_pb_row][et_pb_row _builder_version=&#8221;4.17.6&#8243; _module_preset=&#8221;default&#8221; module_alignment=&#8221;center&#8221; global_colors_info=&#8221;{}&#8221;][et_pb_column type=&#8221;4_4&#8243; _builder_version=&#8221;4.17.4&#8243; _module_preset=&#8221;default&#8221; global_colors_info=&#8221;{}&#8221;][et_pb_text _builder_version=&#8221;4.18.0&#8243; text_font=&#8221;||||||||&#8221; text_line_height=&#8221;2em&#8221; header_font=&#8221;||||||||&#8221; header_2_font=&#8221;Poppins|600|||||||&#8221; header_2_text_align=&#8221;left&#8221; header_2_font_size=&#8221;50px&#8221; header_2_line_height=&#8221;1.4em&#8221; header_6_font=&#8221;Poppins|||on|||||&#8221; header_6_font_size=&#8221;16px&#8221; header_6_letter_spacing=&#8221;5px&#8221; header_6_line_height=&#8221;1.8em&#8221; text_orientation=&#8221;center&#8221; module_alignment=&#8221;left&#8221; custom_margin=&#8221;||40px|||&#8221; header_2_font_size_tablet=&#8221;35px&#8221; header_2_font_size_phone=&#8221;25px&#8221; header_2_font_size_last_edited=&#8221;on|desktop&#8221; global_colors_info=&#8221;{}&#8221;]<\/p>\n<h2 style=\"text-align: center;\">Noleggio per occasioni speciali<\/h2>\n<p>[\/et_pb_text][\/et_pb_column][\/et_pb_row][et_pb_row _builder_version=&#8221;4.17.6&#8243; _module_preset=&#8221;default&#8221; global_colors_info=&#8221;{}&#8221;][et_pb_column type=&#8221;4_4&#8243; _builder_version=&#8221;4.17.4&#8243; _module_preset=&#8221;default&#8221; global_colors_info=&#8221;{}&#8221;][et_pb_gallery gallery_ids=&#8221;243187,243201,243059,243189,243188,243199,243202,249661&#8243; fullwidth=&#8221;on&#8221; _builder_version=&#8221;4.22.2&#8243; _module_preset=&#8221;default&#8221; width=&#8221;100%&#8221; max_width=&#8221;100%&#8221; min_height=&#8221;100%&#8221; height=&#8221;100%&#8221; max_height=&#8221;100%&#8221; global_colors_info=&#8221;{}&#8221;][\/et_pb_gallery][et_pb_text _builder_version=&#8221;4.24.2&#8243; _module_preset=&#8221;default&#8221; background_color=&#8221;#FFFFFF&#8221; global_colors_info=&#8221;{}&#8221;]<\/p>\n<p><strong>Festeggiare in modo straordinario con la famiglia o gli amici<\/strong><\/p>\n<p>Come \u00e8 colorato l&#8217;amore, cos\u00ec sono le possibilit\u00e0 di creare un matrimonio con una Joylife Boat. Da un servizio fotografico con gli sposi in un ambiente unico, a una cerimonia di nozze gratuita sul ponte, a una festa di famiglia, a un addio al nubilato o al celibato, a un regalo a sorpresa con una crociera avventurosa fino a un &#8220;Tiny Wedding&#8221;, tutto \u00e8 possibile.<\/p>\n<p>Allo stesso modo, una festa di compleanno pu\u00f2 essere tutt&#8217;altro che noiosa! Con una festa sulle barche Joylife, un compleanno diventa una leggenda. Scivolare silenziosamente sull&#8217;acqua, provare la sensazione rilassante dell&#8217;acqua, avvicinarsi alla natura e una cena romantica a lume di candela: momenti indimenticabili come questi e molto altro vi aspettano su una confortevole casa galleggiante sulla Saar e sulla Mosella.<\/p>\n<p>[\/et_pb_text][et_pb_text _builder_version=&#8221;4.26.0&#8243; _module_preset=&#8221;default&#8221; text_text_color=&#8221;#000000&#8243; text_font_size=&#8221;19px&#8221; background_color=&#8221;#E09900&#8243; min_height=&#8221;166.2px&#8221; border_radii=&#8221;on|4px|4px|4px|4px&#8221; border_width_all=&#8221;5px&#8221; border_color_all=&#8221;#E09900&#8243; global_colors_info=&#8221;{}&#8221;]<\/p>\n<p><strong><\/strong><\/p>\n<p><strong>Organizza il tuo evento privato secondo i tuoi desideri<\/strong><\/p>\n<p><strong><\/strong>Sulla base dei seguenti principi e delle tue esigenze, saremo lieti di fornirti un&#8217;offerta personalizzata.<br \/>\nPerch\u00e9 il tuo evento deve essere un&#8217;esperienza indimenticabile. <\/p>\n<p>&nbsp;<\/p>\n<p><span>\u2666 1\/2 giornata (4 ore) o 1 giornata (8 ore) o su prenotazione<\/span><\/p>\n<p><span>\u2666 O ormeggiati nei porti turistici di Mettlach, Saarschleife o Merzig an der Saar.<\/span><\/p>\n<p><span>O con uno skipper esperto dai porti turistici di Mettlach, Saarschleife o Merzig sulla Saar.<\/span><\/p>\n<p><span>\u2666 Oppure da\/per un porto\/albergo a scelta sulla Saar o sulla Mosella con un supplemento.<\/span><\/p>\n<p><span>\u2666 Se lo desideri, con un&#8217;offerta di ristorazione e\/o lifestyle a bordo<\/span><\/p>\n<p><span><span><span>\u2666 Per casa galleggiante con una superficie totale di 54 metri quadrati<\/span><\/span><\/span><\/p>\n<p> <span><span><span> \u2666 Reclinabile fino a un massimo di 20 persone su ponti interni ed esterni<\/span><\/span><\/span><span>ponte<\/span><\/p>\n<p><span>Viaggiare fino a un massimo di 12 persone con skipper<\/span><\/p>\n<p><strong><\/strong><\/p>\n<p><b>Riceverai un&#8217;offerta personalizzata in base alle tue esigenze per l&#8217;evento che desideri (recumbent o vela con skipper).<br \/>\nNon vediamo l&#8217;ora di sentirti. <\/b><\/p>\n<p><span><\/span><\/p>\n<p>[\/et_pb_text][\/et_pb_column][\/et_pb_row][et_pb_row _builder_version=&#8221;4.17.6&#8243; _module_preset=&#8221;default&#8221; global_colors_info=&#8221;{}&#8221;][et_pb_column type=&#8221;4_4&#8243; _builder_version=&#8221;4.17.6&#8243; _module_preset=&#8221;default&#8221; global_colors_info=&#8221;{}&#8221;][et_pb_accordion icon_color=&#8221;#e09900&#8243; _builder_version=&#8221;4.24.2&#8243; _module_preset=&#8221;default&#8221; background_color=&#8221;RGBA(255,255,255,0)&#8221; border_width_all=&#8221;3px&#8221; border_color_all=&#8221;#e09900&#8243; global_colors_info=&#8221;{}&#8221;][et_pb_accordion_item title=&#8221;Il vostro servizio di portineria&#8221; open=&#8221;on&#8221; _builder_version=&#8221;4.24.2&#8243; _module_preset=&#8221;default&#8221; global_colors_info=&#8221;{}&#8221;]<\/p>\n<p><strong>Per un&#8217;esperienza indimenticabile&#8230;<\/strong><\/p>\n<p>Offriamo un servizio di portineria, in tedesco &#8220;Veranstaltungs-Service&#8221;, su richiesta. Questo include quanto segue:<\/p>\n<ul>\n<li>Organizzazione e assicurazione del catering in base ai vostri desideri e al budget di spesa in loco<\/li>\n<li>Organizzazione di articoli di supporto al programma su misura per il tuo evento (ad es. offerta Joylife Boat Lifestyle)<\/li>\n<li>Garantire l&#8217;infrastruttura per il tuo evento<\/li>\n<\/ul>\n<p>Fateci sapere i vostri desideri e saremo lieti di farvi un&#8217;offerta adeguata.<\/p>\n<p>[\/et_pb_accordion_item][\/et_pb_accordion][dsm_image_carousel gallery_ids=&#8221;250650,250654,250674,250670,250688,250680,250697,250701,250662,251253,251261&#8243; _builder_version=&#8221;4.24.2&#8243; _module_preset=&#8221;default&#8221; global_colors_info=&#8221;{}&#8221;][\/dsm_image_carousel][dsm_pricelist _builder_version=&#8221;4.19.2&#8243; _module_preset=&#8221;default&#8221; background_color=&#8221;RGBA(255,255,255,0)&#8221; global_colors_info=&#8221;{}&#8221;][\/dsm_pricelist][dsm_pricelist _builder_version=&#8221;4.19.2&#8243; _module_preset=&#8221;default&#8221; background_color=&#8221;#E09900&#8243; global_colors_info=&#8221;{}&#8221;][\/dsm_pricelist][et_pb_button button_url=&#8221;https:\/\/joylife.boats\/wp-content\/uploads\/2023\/10\/Flyer-Joylife.Boats-Juli-2023.pdf&#8221; url_new_window=&#8221;on&#8221; button_text=&#8221;Scarica il volantino&#8221; _builder_version=&#8221;4.22.2&#8243; _module_preset=&#8221;default&#8221; custom_button=&#8221;on&#8221; button_text_color=&#8221;#FFFFFF&#8221; button_bg_color=&#8221;#000000&#8243; button_border_color=&#8221;#E09900&#8243; button_icon_color=&#8221;#FFFFFF&#8221; background_layout=&#8221;dark&#8221; global_colors_info=&#8221;{}&#8221;][\/et_pb_button][dsm_pricelist _builder_version=&#8221;4.19.2&#8243; _module_preset=&#8221;default&#8221; background_color=&#8221;RGBA(255,255,255,0)&#8221; global_colors_info=&#8221;{}&#8221;][\/dsm_pricelist][\/et_pb_column][\/et_pb_row][\/et_pb_section][et_pb_section fb_built=&#8221;1&#8243; _builder_version=&#8221;4.16&#8243; width=&#8221;100%&#8221; max_width=&#8221;80%&#8221; max_width_tablet=&#8221;100%&#8221; max_width_phone=&#8221;100%&#8221; max_width_last_edited=&#8221;on|phone&#8221; module_alignment=&#8221;center&#8221; custom_padding=&#8221;0px||||false|false&#8221; collapsed=&#8221;off&#8221; global_colors_info=&#8221;{}&#8221;][et_pb_row _builder_version=&#8221;4.17.4&#8243; _module_preset=&#8221;default&#8221; width=&#8221;100%&#8221; max_width=&#8221;100%&#8221; max_width_tablet=&#8221;95%&#8221; max_width_phone=&#8221;95%&#8221; max_width_last_edited=&#8221;on|tablet&#8221; global_colors_info=&#8221;{}&#8221;][et_pb_column type=&#8221;4_4&#8243; _builder_version=&#8221;4.17.4&#8243; _module_preset=&#8221;default&#8221; global_colors_info=&#8221;{}&#8221;][wpforms_selector form_id=&#8221;243213&#8243; show_title=&#8221;on&#8221; show_desc=&#8221;off&#8221; _builder_version=&#8221;4.24.2&#8243; _module_preset=&#8221;default&#8221; width=&#8221;100%&#8221; max_width=&#8221;100%&#8221; global_colors_info=&#8221;{}&#8221;][\/wpforms_selector][\/et_pb_column][\/et_pb_row][\/et_pb_section][et_pb_section fb_built=&#8221;1&#8243; _builder_version=&#8221;4.17.4&#8243; _module_preset=&#8221;default&#8221; global_colors_info=&#8221;{}&#8221;][et_pb_row _builder_version=&#8221;4.17.4&#8243; _module_preset=&#8221;default&#8221; width=&#8221;100%&#8221; max_width=&#8221;80%&#8221; max_width_tablet=&#8221;95%&#8221; max_width_phone=&#8221;95%&#8221; max_width_last_edited=&#8221;on|phone&#8221; global_colors_info=&#8221;{}&#8221;][et_pb_column type=&#8221;4_4&#8243; _builder_version=&#8221;4.16&#8243; _module_preset=&#8221;default&#8221; global_colors_info=&#8221;{}&#8221;][et_pb_text _builder_version=&#8221;4.16&#8243; text_font=&#8221;||||||||&#8221; text_line_height=&#8221;2em&#8221; header_font=&#8221;||||||||&#8221; header_2_font=&#8221;Poppins|600|||||||&#8221; header_2_text_align=&#8221;left&#8221; header_2_font_size=&#8221;50px&#8221; header_2_line_height=&#8221;1.4em&#8221; header_6_font=&#8221;Poppins|||on|||||&#8221; header_6_font_size=&#8221;16px&#8221; header_6_letter_spacing=&#8221;5px&#8221; header_6_line_height=&#8221;1.8em&#8221; module_alignment=&#8221;left&#8221; custom_margin=&#8221;||40px|||&#8221; header_2_font_size_tablet=&#8221;35px&#8221; header_2_font_size_phone=&#8221;25px&#8221; header_2_font_size_last_edited=&#8221;on|desktop&#8221; global_colors_info=&#8221;{}&#8221;]<\/p>\n<h2>Informazioni sulla prenotazione<\/h2>\n<p>[\/et_pb_text][et_pb_toggle title=&#8221;Condizioni di pagamento&#8221; open_toggle_text_color=&#8221;#000000&#8243; closed_toggle_background_color=&#8221;#f5f5f5&#8243; icon_color=&#8221;#000000&#8243; open_icon_color=&#8221;#000000&#8243; _builder_version=&#8221;4.20.4&#8243; title_text_color=&#8221;#000000&#8243; title_font=&#8221;Poppins|700|||||||&#8221; title_line_height=&#8221;1.4em&#8221; body_font=&#8221;Poppins||||||||&#8221; body_line_height=&#8221;2em&#8221; body_link_font=&#8221;||||on||||&#8221; body_link_text_color=&#8221;#e09900&#8243; border_width_all=&#8221;2px&#8221; border_color_all=&#8221;#f5f5f5&#8243; global_colors_info=&#8221;{}&#8221; transform_styles__hover_enabled=&#8221;on|hover&#8221; transform_scale__hover_enabled=&#8221;on|hover&#8221; transform_translate__hover_enabled=&#8221;on|desktop&#8221; transform_rotate__hover_enabled=&#8221;on|desktop&#8221; transform_skew__hover_enabled=&#8221;on|desktop&#8221; transform_origin__hover_enabled=&#8221;on|desktop&#8221;]<\/p>\n<ul>\n<li>Acconto per il noleggio del 50% entro 10 giorni dalla conferma dell&#8217;ordine<\/li>\n<li>Il saldo del 50% dell&#8217;affitto deve essere versato 30 giorni prima dell&#8217;inizio del periodo di locazione.<\/li>\n<li>Per tutti i servizi aggiuntivi di concierge prenotati, si applicano condizioni di pagamento separate in ogni caso da Joylife Boat o secondo i fornitori di servizi.<\/li>\n<\/ul>\n<p>[\/et_pb_toggle][et_pb_toggle title=&#8221;Informazioni generali sul viaggio&#8221; open_toggle_text_color=&#8221;#000000&#8243; closed_toggle_background_color=&#8221;#f5f5f5&#8243; icon_color=&#8221;#000000&#8243; open_icon_color=&#8221;#000000&#8243; _builder_version=&#8221;4.20.4&#8243; title_text_color=&#8221;#000000&#8243; title_font=&#8221;Poppins|700|||||||&#8221; title_line_height=&#8221;1.4em&#8221; body_font=&#8221;Poppins||||||||&#8221; body_text_color=&#8221;#000000&#8243; body_line_height=&#8221;2em&#8221; body_link_text_color=&#8221;#e09900&#8243; border_width_all=&#8221;2px&#8221; border_color_all=&#8221;#f5f5f5&#8243; global_colors_info=&#8221;{}&#8221;]<\/p>\n<ul>\n<li>Bording presso Joylife Boats Marina, Saaruferstr. 34, presso la casa della canoa (ingresso all&#8217;incrocio della B51\/Bahnhofstra\u00dfe), 66693 Mettlach &#8211; oppure Marina nel <span>porto turistico, <\/span><span>66663 MerzigOrt<\/span>&#8211; su prenotazione<\/li>\n<li>A circa 350 m dal porto turistico di Mettlach o direttamente a Marina Merzig, sono disponibili sufficienti posti auto.<\/li>\n<li>Si prega di notare che \u00e8 assolutamente vietato fumare a bordo, tranne che sul ponte esterno e sul ponte superiore.<\/li>\n<\/ul>\n<p>[\/et_pb_toggle][et_pb_toggle title=&#8221;Incluso nel prezzo di noleggio&#8221; open_toggle_text_color=&#8221;#000000&#8243; closed_toggle_background_color=&#8221;#f5f5f5&#8243; icon_color=&#8221;#000000&#8243; open_icon_color=&#8221;#000000&#8243; _builder_version=&#8221;4.20.4&#8243; title_text_color=&#8221;#000000&#8243; title_font=&#8221;Poppins|700|||||||&#8221; title_line_height=&#8221;1.4em&#8221; body_font=&#8221;Poppins||||||||&#8221; body_text_color=&#8221;#000000&#8243; body_line_height=&#8221;2em&#8221; body_link_text_color=&#8221;#e09900&#8243; border_width_all=&#8221;2px&#8221; border_color_all=&#8221;#f5f5f5&#8243; locked=&#8221;off&#8221; global_colors_info=&#8221;{}&#8221;]<\/p>\n<ul>\n<li>Prezzo di noleggio Joylife Boat<\/li>\n<li>8 tavoli da bistrot con coperture bianche e 2 tavoli lounge<\/li>\n<li>Tavoli\/sedie secondo le necessit\u00e0 per un massimo di 20 persone<\/li>\n<li>Stoviglie, bicchieri, posate, ecc. per 6 persone (il catering pu\u00f2 fornirne altre a pagamento).<\/li>\n<li>Asciugamani e strofinacci per la pulizia di piatti e cucina<\/li>\n<li>Utensili per lavastoviglie e lavaggio a mano<\/li>\n<li>Sacchetti per la spazzatura<\/li>\n<li>10 capsule macchina da caff\u00e8 Nespresso<\/li>\n<li>Carta igienica speciale in collegamento con l&#8217;impianto di trattamento delle acque reflue di bordo<\/li>\n<li>Grill con cartuccia a gas<\/li>\n<li>Pulizia finale<\/li>\n<li>Assicurazione per eventuali danni all&#8217;imbarcazione Joylife, ad esempio permanenza all&#8217;ormeggio, incendio, media, danni a terzi, costi di rimozione del relitto, furto con scasso, furto o vandalismo.<\/li>\n<li><span>Parcheggi gratuiti<\/span><\/li>\n<\/ul>\n<p>[\/et_pb_toggle][et_pb_toggle title=&#8221;Non incluso nel prezzo di noleggio&#8221; open_toggle_text_color=&#8221;#000000&#8243; closed_toggle_background_color=&#8221;#f5f5f5&#8243; icon_color=&#8221;#000000&#8243; open_icon_color=&#8221;#000000&#8243; _builder_version=&#8221;4.20.4&#8243; title_text_color=&#8221;#000000&#8243; title_font=&#8221;Poppins|700|||||||&#8221; title_line_height=&#8221;1.4em&#8221; body_font=&#8221;Poppins||||||||&#8221; body_text_color=&#8221;#000000&#8243; body_line_height=&#8221;2em&#8221; body_link_text_color=&#8221;#e09900&#8243; border_width_all=&#8221;2px&#8221; border_color_all=&#8221;#f5f5f5&#8243; locked=&#8221;off&#8221; global_colors_info=&#8221;{}&#8221;]<\/p>\n<ul>\n<li>Danni causati all&#8217;imbarcazione e all&#8217;inventario durante l&#8217;evento<\/li>\n<li>Consumo di gasolio durante l&#8217;evento con \u20ac 2,00 al litro e spese di gestione (saranno addebitate dopo l&#8217;evento).<\/li>\n<li>Consumo di elettricit\u00e0 nei porti e negli ormeggi (fatturato dopo l&#8217;evento)<\/li>\n<li>Tasse di ormeggio nei porti (saranno stabilite dopo l&#8217;evento)<\/li>\n<\/ul>\n<p>[\/et_pb_toggle][\/et_pb_column][\/et_pb_row][\/et_pb_section]<\/p>\n","protected":false},"excerpt":{"rendered":"<p>Noleggio per occasioni specialiFesteggiare in modo straordinario con la famiglia o gli amici Come \u00e8 colorato l&#8217;amore, cos\u00ec sono le possibilit\u00e0 di creare un matrimonio con una Joylife Boat. Da un servizio fotografico con gli sposi in un ambiente unico, a una cerimonia di nozze gratuita sul ponte, a una festa di famiglia, a un addio al nubilato o al celibato, a un regalo a sorpresa con una crociera avventurosa fino a un &#8220;Tiny Wedding&#8221;, tutto \u00e8 possibile. Allo stesso modo, una festa di compleanno pu\u00f2 essere tutt&#8217;altro che noiosa! Con una festa sulle barche Joylife, un compleanno diventa una leggenda. Scivolare silenziosamente sull&#8217;acqua, provare la sensazione rilassante dell&#8217;acqua, avvicinarsi alla natura e una cena romantica a lume di candela: momenti indimenticabili come questi e molto altro vi aspettano su una confortevole casa galleggiante sulla Saar e sulla Mosella. Organizza il tuo evento privato secondo i tuoi desideri Sulla base dei seguenti principi e delle tue esigenze, saremo lieti di fornirti un&#8217;offerta personalizzata. Perch\u00e9 il tuo evento deve essere un&#8217;esperienza indimenticabile. &nbsp; \u2666 1\/2 giornata (4 ore) o 1 giornata (8 ore) o su prenotazione \u2666 O ormeggiati nei porti turistici di Mettlach, Saarschleife o Merzig an der Saar. O [&hellip;]<\/p>\n","protected":false},"author":1,"featured_media":0,"parent":0,"menu_order":0,"comment_status":"closed","ping_status":"closed","template":"","meta":{"_et_pb_use_builder":"on","_et_pb_old_content":"","_et_gb_content_width":"","footnotes":""},"class_list":["post-243747","page","type-page","status-publish","hentry"],"_links":{"self":[{"href":"https:\/\/joylife.boats\/it\/wp-json\/wp\/v2\/pages\/243747","targetHints":{"allow":["GET"]}}],"collection":[{"href":"https:\/\/joylife.boats\/it\/wp-json\/wp\/v2\/pages"}],"about":[{"href":"https:\/\/joylife.boats\/it\/wp-json\/wp\/v2\/types\/page"}],"author":[{"embeddable":true,"href":"https:\/\/joylife.boats\/it\/wp-json\/wp\/v2\/users\/1"}],"replies":[{"embeddable":true,"href":"https:\/\/joylife.boats\/it\/wp-json\/wp\/v2\/comments?post=243747"}],"version-history":[{"count":0,"href":"https:\/\/joylife.boats\/it\/wp-json\/wp\/v2\/pages\/243747\/revisions"}],"wp:attachment":[{"href":"https:\/\/joylife.boats\/it\/wp-json\/wp\/v2\/media?parent=243747"}],"curies":[{"name":"wp","href":"https:\/\/api.w.org\/{rel}","templated":true}]}}